{"id":14,"date":"2024-02-07T10:18:35","date_gmt":"2024-02-07T10:18:35","guid":{"rendered":"https:\/\/www.bravocom.de\/?page_id=14"},"modified":"2024-11-11T09:58:03","modified_gmt":"2024-11-11T09:58:03","slug":"kontakt","status":"publish","type":"page","link":"https:\/\/www.bravocom.de\/index.php\/kontakt\/","title":{"rendered":"Kontakt"},"content":{"rendered":"\n<div style=\"height:70px\" aria-hidden=\"true\" class=\"wp-block-spacer\"><\/div>\n\n\n\n<div class=\"wp-block-group has-global-padding is-layout-constrained wp-block-group-is-layout-constrained\">\n<div class=\"wp-block-columns are-vertically-aligned-top is-layout-flex wp-container-core-columns-layout-1 wp-block-columns-is-layout-flex\" style=\"padding-top:0;padding-right:0;padding-bottom:0;padding-left:0\">\n<div class=\"wp-block-column is-vertically-aligned-top is-layout-flow wp-block-column-is-layout-flow\" style=\"padding-right:7%;flex-basis:100%\">\n<h2 class=\"wp-block-heading has-large-font-size\" style=\"padding-right:var(--wp--preset--spacing--x-small);padding-left:var(--wp--preset--spacing--x-small)\">BRAVOCOM ist interessant f\u00fcr Sie?<\/h2>\n\n\n\n<p style=\"padding-right:var(--wp--preset--spacing--x-small);padding-left:var(--wp--preset--spacing--x-small)\">Schreiben Sie uns.<br>Im Rahmen Ihrer Anfrage erkl\u00e4ren Sie sich mit der Verarbeitung Ihrer personenbezogenen Daten einverstanden. Ausf\u00fchrliche Informationen zum Thema Datenschutz finden Sie in unserer <a href=\"https:\/\/www.bravocom.de\/index.php\/datenschutzerklaerung\/\" data-type=\"page\" data-id=\"3\">Datenschutzerkl\u00e4rung<\/a>.<\/p>\n<\/div>\n<\/div>\n\n\n\n<div style=\"height:70px\" aria-hidden=\"true\" class=\"wp-block-spacer\"><\/div>\n<\/div>\n\n\n","protected":false},"excerpt":{"rendered":"<p>BRAVOCOM ist interessant f\u00fcr Sie? Schreiben Sie uns.Im Rahmen Ihrer Anfrage erkl\u00e4ren Sie sich mit der Verarbeitung Ihrer personenbezogenen Daten einverstanden. Ausf\u00fchrliche Informationen zum Thema Datenschutz finden Sie in unserer Datenschutzerkl\u00e4rung.<\/p>\n","protected":false},"author":2,"featured_media":0,"parent":0,"menu_order":0,"comment_status":"closed","ping_status":"closed","template":"","meta":{"saved_in_kubio":true,"footnotes":""},"kubio_ai_page_context":{"short_desc":"","purpose":"general"},"_links":{"self":[{"href":"https:\/\/www.bravocom.de\/index.php\/wp-json\/wp\/v2\/pages\/14"}],"collection":[{"href":"https:\/\/www.bravocom.de\/index.php\/wp-json\/wp\/v2\/pages"}],"about":[{"href":"https:\/\/www.bravocom.de\/index.php\/wp-json\/wp\/v2\/types\/page"}],"author":[{"embeddable":true,"href":"https:\/\/www.bravocom.de\/index.php\/wp-json\/wp\/v2\/users\/2"}],"replies":[{"embeddable":true,"href":"https:\/\/www.bravocom.de\/index.php\/wp-json\/wp\/v2\/comments?post=14"}],"version-history":[{"count":15,"href":"https:\/\/www.bravocom.de\/index.php\/wp-json\/wp\/v2\/pages\/14\/revisions"}],"predecessor-version":[{"id":546,"href":"https:\/\/www.bravocom.de\/index.php\/wp-json\/wp\/v2\/pages\/14\/revisions\/546"}],"wp:attachment":[{"href":"https:\/\/www.bravocom.de\/index.php\/wp-json\/wp\/v2\/media?parent=14"}],"curies":[{"name":"wp","href":"https:\/\/api.w.org\/{rel}","templated":true}]}}